{"id":4031,"date":"2019-01-02T08:57:42","date_gmt":"2019-01-02T08:57:42","guid":{"rendered":"https:\/\/jmaceurope.com\/?page_id=4031"},"modified":"2019-01-02T08:57:42","modified_gmt":"2019-01-02T08:57:42","slug":"akira-koudate-eng","status":"publish","type":"page","link":"https:\/\/jmaceurope.com\/en\/akira-koudate-eng\/","title":{"rendered":"Akira Koudate"},"content":{"rendered":"<p>[et_pb_section bb_built=&#8221;1&#8243; _builder_version=&#8221;3.17.6&#8243; next_background_color=&#8221;#f5f5f5&#8243; background_color=&#8221;#e6e6e6&#8243; custom_margin=&#8221;0px||0px|&#8221; custom_padding=&#8221;0px||0px|&#8221;][et_pb_row _builder_version=&#8221;3.17.6&#8243; background_size=&#8221;initial&#8221; background_position=&#8221;top_left&#8221; background_repeat=&#8221;repeat&#8221; background_color=&#8221;#f5f5f5&#8243; make_fullwidth=&#8221;on&#8221; use_custom_gutter=&#8221;on&#8221; gutter_width=&#8221;1&#8243; make_equal=&#8221;on&#8221; custom_margin=&#8221;0px||0px|&#8221; custom_padding=&#8221;0px||0px|&#8221; padding_top_2=&#8221;50px&#8221; padding_right_2=&#8221;50px&#8221; padding_bottom_2=&#8221;50px&#8221; padding_left_2=&#8221;50px&#8221; padding_2_phone=&#8221;20px|20px|20px|20px&#8221; padding_2_last_edited=&#8221;on|phone&#8221;][et_pb_column type=&#8221;1_2&#8243;][et_pb_image admin_label=&#8221;On a journey&#8221; _builder_version=&#8221;3.18.9&#8243; src=&#8221;https:\/\/jmaceurope.com\/wp-content\/uploads\/2019\/01\/8B0D16FF-5EA7-424D-A003-D8325AC709D9.jpeg&#8221; show_in_lightbox=&#8221;on&#8221; \/][\/et_pb_column][et_pb_column type=&#8221;1_2&#8243;][et_pb_text admin_label=&#8221;Value and beauty&#8221; _builder_version=&#8221;3.18.9&#8243; background_color=&#8221;#f5f5f5&#8243; header_4_text_color=&#8221;#1597c2&#8243; custom_margin=&#8221;||20px|&#8221;]<\/p>\n<h3>\u9ad8\u9054\u79cb\u826f\u30fbValue and Beauty<\/h3>\n<p>The <b>extraordinary simplicity<\/b> of a rigorous and committed mind, the lively and special thinking of those who seek and enjoy knowledge.<br \/>A free and powerful intellect, always ready to think over, out of the box.<br \/>A generous spirit, loyal and honest, upright and direct, sharp and uncompromising, but kind to the humble and strong with the powerful &#8211; as few can be.<\/p>\n<p>A man <b>fascinated by beauty and value<\/b>, involved and determined -in his commitment &#8211; to leave a <b>better world for Humanity.<\/b><\/p>\n<p>He <b>loved Italy <\/b>as a second homeland and we are grateful to him.<br \/>He<b> loved knowledge<\/b> and tried anytime to polish each person like a raw diamond, to make the light shine to the best of his\/her potential.<\/p>\n<p><em>Thank you, Koudate-san<\/em>.<br \/><em>Meeting you has been a honor; For many of us an omen.\u00a0<\/em><\/p>\n<p>[\/et_pb_text][\/et_pb_column][\/et_pb_row][et_pb_row _builder_version=&#8221;3.17.6&#8243; background_size=&#8221;initial&#8221; background_position=&#8221;top_left&#8221; background_repeat=&#8221;repeat&#8221; background_color=&#8221;#f5f5f5&#8243; make_fullwidth=&#8221;on&#8221; use_custom_gutter=&#8221;on&#8221; gutter_width=&#8221;1&#8243; make_equal=&#8221;on&#8221; custom_margin=&#8221;0px||0px|&#8221; custom_padding=&#8221;0px||0px|&#8221; padding_top_2=&#8221;50px&#8221; padding_right_2=&#8221;50px&#8221; padding_bottom_2=&#8221;50px&#8221; padding_left_2=&#8221;50px&#8221; padding_2_phone=&#8221;20px|20px|20px|20px&#8221; padding_2_last_edited=&#8221;on|phone&#8221;][et_pb_column type=&#8221;1_2&#8243;][et_pb_text admin_label=&#8221;The adventure of a lifetime&#8221; _builder_version=&#8221;3.18.9&#8243;]<\/p>\n<h2>The adventure of a lifetime<\/h2>\n<p>His most ambitious project was <b>JMAC in Europe<\/b>, i.e. the internationalization of managerial culture for business organizations, for people and professionals.<br \/><b>Offer<\/b> <b>ideas, methodologies and concrete tools<\/b> to generate development, growth and work: this has been the dream of a good man, strong and blessed by the grace of the Lord, the affection of his family, the esteem of many professionals and colleagues, the kindness and friendliness of friends.<br \/>Since 1988, Akira Koudate has gathered \u00a0people who have put together with great <b>harmony, enthusiasm, courage and willingness<\/b> to collaborate and actively build opportunities for work and well-being.<br \/>He loved reading, listening to music and conversing.<br \/>He loved traveling and he composed them &#8220;in mosaic&#8221; &#8211; as he used to say &#8211; inspired by the readings that he delighted with every day and that he devoured in extraordinary speed.<br \/>In his freedom as a<b> cultured, profound and responsible<\/b> person, Koudate has ever <b>proposed, promoted and defended his believes, <\/b>facing and working with dedication, often throwing his heart over the obstacle.<br \/>He always defended the possibility of spreading the tested value of his knowledge, so that it would be available more and more usefully for others and for further generations.<\/p>\n<p>[\/et_pb_text][\/et_pb_column][et_pb_column type=&#8221;1_2&#8243;][et_pb_gallery admin_label=&#8221;Gallery&#8221; _builder_version=&#8221;3.18.9&#8243; gallery_ids=&#8221;4006,4005,4007,4012,4013,4009,4008,4010,4011,4014,4015&#8243; posts_number=&#8221;1&#8243; zoom_icon_color=&#8221;#1597c2&#8243; hover_overlay_color=&#8221;rgba(255,255,255,0.9)&#8221; show_pagination=&#8221;off&#8221; show_title_and_caption=&#8221;off&#8221; fullwidth=&#8221;on&#8221; \/][\/et_pb_column][\/et_pb_row][et_pb_row _builder_version=&#8221;3.17.6&#8243; background_size=&#8221;initial&#8221; background_position=&#8221;top_left&#8221; background_repeat=&#8221;repeat&#8221; background_color=&#8221;#f5f5f5&#8243; make_fullwidth=&#8221;on&#8221; use_custom_gutter=&#8221;on&#8221; gutter_width=&#8221;1&#8243; make_equal=&#8221;on&#8221; custom_margin=&#8221;0px||0px|&#8221; custom_padding=&#8221;0px||0px|&#8221; padding_top_2=&#8221;50px&#8221; padding_right_2=&#8221;50px&#8221; padding_bottom_2=&#8221;50px&#8221; padding_left_2=&#8221;50px&#8221; padding_2_phone=&#8221;20px|20px|20px|20px&#8221; padding_2_last_edited=&#8221;on|phone&#8221;][et_pb_column type=&#8221;1_2&#8243;][et_pb_image admin_label=&#8221;Farewell party&#8221; _builder_version=&#8221;3.18.9&#8243; src=&#8221;https:\/\/jmaceurope.com\/wp-content\/uploads\/2019\/01\/5355A967-3323-435F-8922-FB822BE00898.jpeg&#8221; \/][\/et_pb_column][et_pb_column type=&#8221;1_2&#8243;][et_pb_text admin_label=&#8221;Back home &#8221; _builder_version=&#8221;3.18.9&#8243;]<\/p>\n<h2>Back home<\/h2>\n<p>At the end of 2011 Koudate announced his retirement and his return home to Japan. Just few months had passed at the beginning of 2012 that we missed him; today we feel its lack even more painfully. We know that he would ask us not to, and that he always worked for us to treasure his legacy and his example.<br \/>An innovator, thinker and man of action. At times fighting against windmills, he forerunner the overcoming of national borders, the engineering approach to quality, the management techniques of design, the importance of eco-sustainability and renewable energy, techniques dedicated to project based manufacturing companies, complex organizational networks, knowledge management, factory art, and much more.<br \/>We have not always been able to understand his views and sometimes his proposal was too early on time, so much so that it happened he remained unlistened. But he never surrendered or felt discouraged: in the extraordinary simplicity of a rigorous and profound intellect, he always kept his smile full of life and new thinking, fascinated by beauty and value, tireless and keen observer, always engaged in passionate dialogues.<\/p>\n<p>[\/et_pb_text][\/et_pb_column][\/et_pb_row][et_pb_row _builder_version=&#8221;3.17.6&#8243; background_size=&#8221;initial&#8221; background_position=&#8221;top_left&#8221; background_repeat=&#8221;repeat&#8221; background_color=&#8221;#f5f5f5&#8243; make_fullwidth=&#8221;on&#8221; use_custom_gutter=&#8221;on&#8221; gutter_width=&#8221;1&#8243; make_equal=&#8221;on&#8221; custom_margin=&#8221;0px||0px|&#8221; custom_padding=&#8221;0px||0px|&#8221; padding_top_2=&#8221;50px&#8221; padding_right_2=&#8221;50px&#8221; padding_bottom_2=&#8221;50px&#8221; padding_left_2=&#8221;50px&#8221; padding_2_phone=&#8221;20px|20px|20px|20px&#8221; padding_2_last_edited=&#8221;on|phone&#8221;][et_pb_column type=&#8221;1_2&#8243;][et_pb_image admin_label=&#8221;GIF &#038; AK Picture&#8221; _builder_version=&#8221;3.18.9&#8243; src=&#8221;https:\/\/jmaceurope.com\/wp-content\/uploads\/2019\/01\/D5DB433E-D2F5-4A7C-97C4-D70E1BA77D6C.jpeg&#8221; url_new_window=&#8221;on&#8221; \/][\/et_pb_column][et_pb_column type=&#8221;1_2&#8243;][et_pb_text admin_label=&#8221;GIF &#038; AK picture &#8221; _builder_version=&#8221;3.18.9&#8243;]<\/p>\n<h3>They used to work for JMAC in Italy<\/h3>\n<p>and we miss them both.<br \/>Giuseppe Falda (left) and Akira Koudate (right)<\/p>\n<p>[\/et_pb_text][\/et_pb_column][\/et_pb_row][\/et_pb_section][et_pb_section bb_built=&#8221;1&#8243; _builder_version=&#8221;3.10.1&#8243; prev_background_color=&#8221;#e6e6e6&#8243; background_color=&#8221;#f5f5f5&#8243;][et_pb_row _builder_version=&#8221;3.7.1&#8243; background_size=&#8221;initial&#8221; background_position=&#8221;top_left&#8221; background_repeat=&#8221;repeat&#8221; use_custom_gutter=&#8221;on&#8221; gutter_width=&#8221;2&#8243;][et_pb_column type=&#8221;4_4&#8243;][et_pb_text admin_label=&#8221;Insights&#8221; _builder_version=&#8221;3.17.6&#8243; text_orientation=&#8221;center&#8221;]<\/p>\n<h1>Insights<\/h1>\n<p>[\/et_pb_text][et_pb_blog fullwidth=&#8221;off&#8221; posts_number=&#8221;3&#8243; meta_date=&#8221;j M, Y&#8221; show_author=&#8221;off&#8221; show_pagination=&#8221;off&#8221; _builder_version=&#8221;3.18.9&#8243; use_overlay=&#8221;on&#8221; hover_icon=&#8221;%%43%%&#8221; module_class=&#8221;blogGriglia&#8221; overlay_icon_color=&#8221;#ffffff&#8221; hover_overlay_color=&#8221;rgba(0,0,0,0.7)&#8221; include_categories=&#8221;217&#8243; \/][\/et_pb_column][\/et_pb_row][\/et_pb_section]<\/p>\n","protected":false},"excerpt":{"rendered":"<p>In loving memory of Akira Koudate <\/p>\n","protected":false},"author":2,"featured_media":0,"parent":0,"menu_order":1,"comment_status":"closed","ping_status":"closed","template":"","meta":{"_acf_changed":false,"_et_pb_use_builder":"on","_et_pb_old_content":"","_et_gb_content_width":"","inline_featured_image":false,"footnotes":""},"class_list":["post-4031","page","type-page","status-publish","hentry"],"acf":[],"yoast_head":"<!-- This site is optimized with the Yoast SEO plugin v27.4 - https:\/\/yoast.com\/product\/yoast-seo-wordpress\/ -->\n<title>JMAC Europe - Societ\u00e0 di consulenza di matrice giapponese<\/title>\n<meta name=\"description\" content=\"JMAC \u00e8 una societ\u00e0 di consulenza di matrice giapponese presente in Europa da 30 anni, opera nella guida strategica di aziende italiane ed europee\" \/>\n<meta name=\"robots\" content=\"index, follow, max-snippet:-1, max-image-preview:large, max-video-preview:-1\" \/>\n<link rel=\"canonical\" href=\"https:\/\/jmaceurope.com\/en\/akira-koudate-eng\/\" \/>\n<meta property=\"og:locale\" content=\"en_US\" \/>\n<meta property=\"og:type\" content=\"article\" \/>\n<meta property=\"og:title\" content=\"JMAC Europe - Societ\u00e0 di consulenza di matrice giapponese\" \/>\n<meta property=\"og:description\" content=\"JMAC \u00e8 una societ\u00e0 di consulenza di matrice giapponese presente in Europa da 30 anni, opera nella guida strategica di aziende italiane ed europee\" \/>\n<meta property=\"og:url\" content=\"https:\/\/jmaceurope.com\/en\/akira-koudate-eng\/\" \/>\n<meta property=\"og:site_name\" content=\"JMAC EUROPE\" \/>\n<meta name=\"twitter:card\" content=\"summary_large_image\" \/>\n<meta name=\"twitter:label1\" content=\"Est. reading time\" \/>\n\t<meta name=\"twitter:data1\" content=\"6 minutes\" \/>\n<script type=\"application\/ld+json\" class=\"yoast-schema-graph\">{\"@context\":\"https:\\\/\\\/schema.org\",\"@graph\":[{\"@type\":\"WebPage\",\"@id\":\"https:\\\/\\\/jmaceurope.com\\\/en\\\/akira-koudate-eng\\\/\",\"url\":\"https:\\\/\\\/jmaceurope.com\\\/en\\\/akira-koudate-eng\\\/\",\"name\":\"JMAC Europe - Societ\u00e0 di consulenza di matrice giapponese\",\"isPartOf\":{\"@id\":\"https:\\\/\\\/www.jmaceurope.com\\\/en\\\/#website\"},\"datePublished\":\"2019-01-02T08:57:42+00:00\",\"description\":\"JMAC \u00e8 una societ\u00e0 di consulenza di matrice giapponese presente in Europa da 30 anni, opera nella guida strategica di aziende italiane ed europee\",\"breadcrumb\":{\"@id\":\"https:\\\/\\\/jmaceurope.com\\\/en\\\/akira-koudate-eng\\\/#breadcrumb\"},\"inLanguage\":\"en-US\",\"potentialAction\":[{\"@type\":\"ReadAction\",\"target\":[\"https:\\\/\\\/jmaceurope.com\\\/en\\\/akira-koudate-eng\\\/\"]}]},{\"@type\":\"BreadcrumbList\",\"@id\":\"https:\\\/\\\/jmaceurope.com\\\/en\\\/akira-koudate-eng\\\/#breadcrumb\",\"itemListElement\":[{\"@type\":\"ListItem\",\"position\":1,\"name\":\"Home\",\"item\":\"https:\\\/\\\/www.jmaceurope.com\\\/en\\\/\"},{\"@type\":\"ListItem\",\"position\":2,\"name\":\"Akira Koudate\"}]},{\"@type\":\"WebSite\",\"@id\":\"https:\\\/\\\/www.jmaceurope.com\\\/en\\\/#website\",\"url\":\"https:\\\/\\\/www.jmaceurope.com\\\/en\\\/\",\"name\":\"JMAC EUROPE\",\"description\":\"JAPAN MANAGEMENT ASSOCIATION CONSULTANTS\",\"publisher\":{\"@id\":\"https:\\\/\\\/www.jmaceurope.com\\\/en\\\/#organization\"},\"potentialAction\":[{\"@type\":\"SearchAction\",\"target\":{\"@type\":\"EntryPoint\",\"urlTemplate\":\"https:\\\/\\\/www.jmaceurope.com\\\/en\\\/?s={search_term_string}\"},\"query-input\":{\"@type\":\"PropertyValueSpecification\",\"valueRequired\":true,\"valueName\":\"search_term_string\"}}],\"inLanguage\":\"en-US\"},{\"@type\":\"Organization\",\"@id\":\"https:\\\/\\\/www.jmaceurope.com\\\/en\\\/#organization\",\"name\":\"JMAC Europe\",\"url\":\"https:\\\/\\\/www.jmaceurope.com\\\/en\\\/\",\"logo\":{\"@type\":\"ImageObject\",\"inLanguage\":\"en-US\",\"@id\":\"https:\\\/\\\/www.jmaceurope.com\\\/en\\\/#\\\/schema\\\/logo\\\/image\\\/\",\"url\":\"\",\"contentUrl\":\"\",\"caption\":\"JMAC Europe\"},\"image\":{\"@id\":\"https:\\\/\\\/www.jmaceurope.com\\\/en\\\/#\\\/schema\\\/logo\\\/image\\\/\"},\"sameAs\":[\"https:\\\/\\\/www.linkedin.com\\\/company\\\/jmac-europe-s-p-a-\\\/\"]}]}<\/script>\n<!-- \/ Yoast SEO plugin. -->","yoast_head_json":{"title":"JMAC Europe - Societ\u00e0 di consulenza di matrice giapponese","description":"JMAC \u00e8 una societ\u00e0 di consulenza di matrice giapponese presente in Europa da 30 anni, opera nella guida strategica di aziende italiane ed europee","robots":{"index":"index","follow":"follow","max-snippet":"max-snippet:-1","max-image-preview":"max-image-preview:large","max-video-preview":"max-video-preview:-1"},"canonical":"https:\/\/jmaceurope.com\/en\/akira-koudate-eng\/","og_locale":"en_US","og_type":"article","og_title":"JMAC Europe - Societ\u00e0 di consulenza di matrice giapponese","og_description":"JMAC \u00e8 una societ\u00e0 di consulenza di matrice giapponese presente in Europa da 30 anni, opera nella guida strategica di aziende italiane ed europee","og_url":"https:\/\/jmaceurope.com\/en\/akira-koudate-eng\/","og_site_name":"JMAC EUROPE","twitter_card":"summary_large_image","twitter_misc":{"Est. reading time":"6 minutes"},"schema":{"@context":"https:\/\/schema.org","@graph":[{"@type":"WebPage","@id":"https:\/\/jmaceurope.com\/en\/akira-koudate-eng\/","url":"https:\/\/jmaceurope.com\/en\/akira-koudate-eng\/","name":"JMAC Europe - Societ\u00e0 di consulenza di matrice giapponese","isPartOf":{"@id":"https:\/\/www.jmaceurope.com\/en\/#website"},"datePublished":"2019-01-02T08:57:42+00:00","description":"JMAC \u00e8 una societ\u00e0 di consulenza di matrice giapponese presente in Europa da 30 anni, opera nella guida strategica di aziende italiane ed europee","breadcrumb":{"@id":"https:\/\/jmaceurope.com\/en\/akira-koudate-eng\/#breadcrumb"},"inLanguage":"en-US","potentialAction":[{"@type":"ReadAction","target":["https:\/\/jmaceurope.com\/en\/akira-koudate-eng\/"]}]},{"@type":"BreadcrumbList","@id":"https:\/\/jmaceurope.com\/en\/akira-koudate-eng\/#breadcrumb","itemListElement":[{"@type":"ListItem","position":1,"name":"Home","item":"https:\/\/www.jmaceurope.com\/en\/"},{"@type":"ListItem","position":2,"name":"Akira Koudate"}]},{"@type":"WebSite","@id":"https:\/\/www.jmaceurope.com\/en\/#website","url":"https:\/\/www.jmaceurope.com\/en\/","name":"JMAC EUROPE","description":"JAPAN MANAGEMENT ASSOCIATION CONSULTANTS","publisher":{"@id":"https:\/\/www.jmaceurope.com\/en\/#organization"},"potentialAction":[{"@type":"SearchAction","target":{"@type":"EntryPoint","urlTemplate":"https:\/\/www.jmaceurope.com\/en\/?s={search_term_string}"},"query-input":{"@type":"PropertyValueSpecification","valueRequired":true,"valueName":"search_term_string"}}],"inLanguage":"en-US"},{"@type":"Organization","@id":"https:\/\/www.jmaceurope.com\/en\/#organization","name":"JMAC Europe","url":"https:\/\/www.jmaceurope.com\/en\/","logo":{"@type":"ImageObject","inLanguage":"en-US","@id":"https:\/\/www.jmaceurope.com\/en\/#\/schema\/logo\/image\/","url":"","contentUrl":"","caption":"JMAC Europe"},"image":{"@id":"https:\/\/www.jmaceurope.com\/en\/#\/schema\/logo\/image\/"},"sameAs":["https:\/\/www.linkedin.com\/company\/jmac-europe-s-p-a-\/"]}]}},"_links":{"self":[{"href":"https:\/\/jmaceurope.com\/en\/wp-json\/wp\/v2\/pages\/4031","targetHints":{"allow":["GET"]}}],"collection":[{"href":"https:\/\/jmaceurope.com\/en\/wp-json\/wp\/v2\/pages"}],"about":[{"href":"https:\/\/jmaceurope.com\/en\/wp-json\/wp\/v2\/types\/page"}],"author":[{"embeddable":true,"href":"https:\/\/jmaceurope.com\/en\/wp-json\/wp\/v2\/users\/2"}],"replies":[{"embeddable":true,"href":"https:\/\/jmaceurope.com\/en\/wp-json\/wp\/v2\/comments?post=4031"}],"version-history":[{"count":0,"href":"https:\/\/jmaceurope.com\/en\/wp-json\/wp\/v2\/pages\/4031\/revisions"}],"wp:attachment":[{"href":"https:\/\/jmaceurope.com\/en\/wp-json\/wp\/v2\/media?parent=4031"}],"curies":[{"name":"wp","href":"https:\/\/api.w.org\/{rel}","templated":true}]}}