{"id":3169,"date":"2018-11-21T15:08:50","date_gmt":"2018-11-21T15:08:50","guid":{"rendered":"https:\/\/jmaceurope.com\/?page_id=3169"},"modified":"2018-12-11T07:27:46","modified_gmt":"2018-12-11T07:27:46","slug":"experiential-learning","status":"publish","type":"page","link":"https:\/\/jmaceurope.com\/en\/experiential-learning\/","title":{"rendered":"Experiential Learning"},"content":{"rendered":"<p>[et_pb_section bb_built=&#8221;1&#8243; fullwidth=&#8221;on&#8221; specialty=&#8221;off&#8221; next_background_color=&#8221;#000000&#8243; _builder_version=&#8221;3.7.1&#8243; module_class=&#8221;heroServizi&#8221;][et_pb_fullwidth_header admin_label=&#8221;Full width heading&#8221; _builder_version=&#8221;3.17.6&#8243; title=&#8221;EXPERIENTIAL LEARNING \u9053\u5834&#8221; subhead=&#8221;Building skills and people&#8221; background_image=&#8221;https:\/\/jmaceurope.com\/wp-content\/uploads\/2018\/07\/Experience_JMAC_HEADER_1920-900.jpg&#8221; button_one_text_size__hover_enabled=&#8221;off&#8221; button_one_text_size__hover=&#8221;null&#8221; button_two_text_size__hover_enabled=&#8221;off&#8221; button_two_text_size__hover=&#8221;null&#8221; button_one_text_color__hover_enabled=&#8221;off&#8221; button_one_text_color__hover=&#8221;null&#8221; button_two_text_color__hover_enabled=&#8221;off&#8221; button_two_text_color__hover=&#8221;null&#8221; button_one_border_width__hover_enabled=&#8221;off&#8221; button_one_border_width__hover=&#8221;null&#8221; button_two_border_width__hover_enabled=&#8221;off&#8221; button_two_border_width__hover=&#8221;null&#8221; button_one_border_color__hover_enabled=&#8221;off&#8221; button_one_border_color__hover=&#8221;null&#8221; button_two_border_color__hover_enabled=&#8221;off&#8221; button_two_border_color__hover=&#8221;null&#8221; button_one_border_radius__hover_enabled=&#8221;off&#8221; button_one_border_radius__hover=&#8221;null&#8221; button_two_border_radius__hover_enabled=&#8221;off&#8221; button_two_border_radius__hover=&#8221;null&#8221; button_one_letter_spacing__hover_enabled=&#8221;off&#8221; button_one_letter_spacing__hover=&#8221;null&#8221; button_two_letter_spacing__hover_enabled=&#8221;off&#8221; button_two_letter_spacing__hover=&#8221;null&#8221; button_one_bg_color__hover_enabled=&#8221;off&#8221; button_one_bg_color__hover=&#8221;null&#8221; button_two_bg_color__hover_enabled=&#8221;off&#8221; button_two_bg_color__hover=&#8221;null&#8221; \/][\/et_pb_section][et_pb_section bb_built=&#8221;1&#8243; prev_background_color=&#8221;#000000&#8243;][et_pb_row][et_pb_column type=&#8221;4_4&#8243;][et_pb_code admin_label=&#8221;breadcrumbs&#8221; _builder_version=&#8221;3.7.1&#8243; saved_tabs=&#8221;all&#8221; global_module=&#8221;174&#8243;]\n<div class=\"breadcrumbs\">\n\tHome \/ \n   \t  \t\n   \t  \t\n   \t  \t\n\n  \t\n    \t\nExperiential Learning<\/div>\n\t\t[\/et_pb_code][et_pb_text admin_label=&#8221;Intro Experiential Learning&#8221; _builder_version=&#8221;3.17.6&#8243;]<\/p>\n<div id=\"u447\" class=\"ax_default heading_2\">\n<div id=\"u447_text\" class=\"text \">\n<h1>There is no learning without experience<\/h1>\n<\/div>\n<\/div>\n<div id=\"u448\" class=\"ax_default paragraph\">\n<div id=\"u448_text\" class=\"text \">\n<p style=\"text-align: justify;\">Thi is why we have decided to create the <strong>D\u014dj\u014d &#8211; a physical place and\u00a0 a space for thought\u00a0<\/strong>as well, where to practice improvement solutions with JMAC experts.<\/p>\n<p style=\"text-align: justify;\">Our\u00a0<strong><em>D\u014dj\u014d<\/em> <\/strong>(D\u014d=Way, path, j\u014d=place) is an opportunity for research and experimentation of the <strong>correct management and operational methods<\/strong>\u00a0to obtain superior results along a path of <strong>continuous improvement<\/strong> &#8211; of the resources and the context they work in.<\/p>\n<p style=\"text-align: justify;\">Solutions can be integrated into physical or digital applications, but the important thing is <strong>not to rely for improvement on the tools alone<\/strong>. Each<strong> human resource<\/strong> is vital to a process of improvement and innovation. We believe that training generates value for the growth of individuals and the sustainability of business results whenever it actually affects the skills and organizational behavior at companies.\u00a0<\/p>\n<p style=\"text-align: justify;\">The <strong>growth opportunities<\/strong> offered by JMAC in such <strong>a vision of work that gives light to people<\/strong>, are designed for several professional levels of both manufacturing and non-manufacturing organizations.<\/p>\n<\/div>\n<\/div>\n<p>[\/et_pb_text][et_pb_portfolio admin_label=&#8221;Learning areas&#8221; _builder_version=&#8221;3.17.6&#8243; zoom_icon_color=&#8221;#1597c2&#8243; hover_overlay_color=&#8221;rgba(255,255,255,0.9)&#8221; module_class=&#8221;portfolioAree&#8221; background_layout=&#8221;dark&#8221; \/][\/et_pb_column][\/et_pb_row][\/et_pb_section]<\/p>\n","protected":false},"excerpt":{"rendered":"<p><div class=\"et_pb_row et_pb_row_0 et_pb_row_empty\">\n\t\t\t\t\n\t\t\t\t\n\t\t\t\t\n\t\t\t\t\n\t\t\t\t\n\t\t\t<\/div>\n<div class=\"breadcrumbs\">\n\tHome \/ \n   \t  \t\n   \t  \t\n   \t  \t\n\n  \t\n    \t\nExperiential Learning<\/div>\n\t\t There is no learning without experience Thi is why we have decided to create the D\u014dj\u014d &#8211; a physical place and\u00a0 a space for thought\u00a0as well, where to practice improvement solutions with JMAC experts. Our\u00a0D\u014dj\u014d (D\u014d=Way, path, j\u014d=place) is an opportunity for research and experimentation of the correct management and operational methods\u00a0to obtain superior [&hellip;]<\/p>\n","protected":false},"author":8,"featured_media":0,"parent":0,"menu_order":40,"comment_status":"closed","ping_status":"closed","template":"","meta":{"_acf_changed":false,"_et_pb_use_builder":"on","_et_pb_old_content":"","_et_gb_content_width":"","inline_featured_image":false,"footnotes":""},"class_list":["post-3169","page","type-page","status-publish","hentry"],"acf":[],"yoast_head":"<!-- This site is optimized with the Yoast SEO plugin v27.3 - https:\/\/yoast.com\/product\/yoast-seo-wordpress\/ -->\n<title>Experiential Learning - JMAC EUROPE<\/title>\n<meta name=\"robots\" content=\"index, follow, max-snippet:-1, max-image-preview:large, max-video-preview:-1\" \/>\n<link rel=\"canonical\" href=\"https:\/\/jmaceurope.com\/en\/experiential-learning\/\" \/>\n<meta property=\"og:locale\" content=\"en_US\" \/>\n<meta property=\"og:type\" content=\"article\" \/>\n<meta property=\"og:title\" content=\"Experiential Learning - JMAC EUROPE\" \/>\n<meta property=\"og:description\" content=\"There is no learning without experience Thi is why we have decided to create the D\u014dj\u014d - a physical place and\u00a0 a space for thought\u00a0as well, where to practice improvement solutions with JMAC experts. Our\u00a0D\u014dj\u014d (D\u014d=Way, path, j\u014d=place) is an opportunity for research and experimentation of the correct management and operational methods\u00a0to obtain superior [&hellip;]\" \/>\n<meta property=\"og:url\" content=\"https:\/\/jmaceurope.com\/en\/experiential-learning\/\" \/>\n<meta property=\"og:site_name\" content=\"JMAC EUROPE\" \/>\n<meta property=\"article:modified_time\" content=\"2018-12-11T07:27:46+00:00\" \/>\n<meta name=\"twitter:card\" content=\"summary_large_image\" \/>\n<meta name=\"twitter:label1\" content=\"Est. reading time\" \/>\n\t<meta name=\"twitter:data1\" content=\"2 minutes\" \/>\n<script type=\"application\/ld+json\" class=\"yoast-schema-graph\">{\"@context\":\"https:\\\/\\\/schema.org\",\"@graph\":[{\"@type\":\"WebPage\",\"@id\":\"https:\\\/\\\/jmaceurope.com\\\/en\\\/experiential-learning\\\/\",\"url\":\"https:\\\/\\\/jmaceurope.com\\\/en\\\/experiential-learning\\\/\",\"name\":\"Experiential Learning - JMAC EUROPE\",\"isPartOf\":{\"@id\":\"https:\\\/\\\/ftp.jmaceurope.com\\\/#website\"},\"datePublished\":\"2018-11-21T15:08:50+00:00\",\"dateModified\":\"2018-12-11T07:27:46+00:00\",\"breadcrumb\":{\"@id\":\"https:\\\/\\\/jmaceurope.com\\\/en\\\/experiential-learning\\\/#breadcrumb\"},\"inLanguage\":\"en-US\",\"potentialAction\":[{\"@type\":\"ReadAction\",\"target\":[\"https:\\\/\\\/jmaceurope.com\\\/en\\\/experiential-learning\\\/\"]}]},{\"@type\":\"BreadcrumbList\",\"@id\":\"https:\\\/\\\/jmaceurope.com\\\/en\\\/experiential-learning\\\/#breadcrumb\",\"itemListElement\":[{\"@type\":\"ListItem\",\"position\":1,\"name\":\"Home\",\"item\":\"https:\\\/\\\/www.jmaceurope.com\\\/en\\\/\"},{\"@type\":\"ListItem\",\"position\":2,\"name\":\"Experiential Learning\"}]},{\"@type\":\"WebSite\",\"@id\":\"https:\\\/\\\/ftp.jmaceurope.com\\\/#website\",\"url\":\"https:\\\/\\\/ftp.jmaceurope.com\\\/\",\"name\":\"JMAC EUROPE\",\"description\":\"JAPAN MANAGEMENT ASSOCIATION CONSULTANTS\",\"publisher\":{\"@id\":\"https:\\\/\\\/ftp.jmaceurope.com\\\/#organization\"},\"potentialAction\":[{\"@type\":\"SearchAction\",\"target\":{\"@type\":\"EntryPoint\",\"urlTemplate\":\"https:\\\/\\\/ftp.jmaceurope.com\\\/?s={search_term_string}\"},\"query-input\":{\"@type\":\"PropertyValueSpecification\",\"valueRequired\":true,\"valueName\":\"search_term_string\"}}],\"inLanguage\":\"en-US\"},{\"@type\":\"Organization\",\"@id\":\"https:\\\/\\\/ftp.jmaceurope.com\\\/#organization\",\"name\":\"JMAC Europe\",\"url\":\"https:\\\/\\\/ftp.jmaceurope.com\\\/\",\"logo\":{\"@type\":\"ImageObject\",\"inLanguage\":\"en-US\",\"@id\":\"https:\\\/\\\/ftp.jmaceurope.com\\\/#\\\/schema\\\/logo\\\/image\\\/\",\"url\":\"\",\"contentUrl\":\"\",\"caption\":\"JMAC Europe\"},\"image\":{\"@id\":\"https:\\\/\\\/ftp.jmaceurope.com\\\/#\\\/schema\\\/logo\\\/image\\\/\"},\"sameAs\":[\"https:\\\/\\\/www.linkedin.com\\\/company\\\/jmac-europe-s-p-a-\\\/\"]}]}<\/script>\n<!-- \/ Yoast SEO plugin. -->","yoast_head_json":{"title":"Experiential Learning - JMAC EUROPE","robots":{"index":"index","follow":"follow","max-snippet":"max-snippet:-1","max-image-preview":"max-image-preview:large","max-video-preview":"max-video-preview:-1"},"canonical":"https:\/\/jmaceurope.com\/en\/experiential-learning\/","og_locale":"en_US","og_type":"article","og_title":"Experiential Learning - JMAC EUROPE","og_description":"There is no learning without experience Thi is why we have decided to create the D\u014dj\u014d - a physical place and\u00a0 a space for thought\u00a0as well, where to practice improvement solutions with JMAC experts. Our\u00a0D\u014dj\u014d (D\u014d=Way, path, j\u014d=place) is an opportunity for research and experimentation of the correct management and operational methods\u00a0to obtain superior [&hellip;]","og_url":"https:\/\/jmaceurope.com\/en\/experiential-learning\/","og_site_name":"JMAC EUROPE","article_modified_time":"2018-12-11T07:27:46+00:00","twitter_card":"summary_large_image","twitter_misc":{"Est. reading time":"2 minutes"},"schema":{"@context":"https:\/\/schema.org","@graph":[{"@type":"WebPage","@id":"https:\/\/jmaceurope.com\/en\/experiential-learning\/","url":"https:\/\/jmaceurope.com\/en\/experiential-learning\/","name":"Experiential Learning - JMAC EUROPE","isPartOf":{"@id":"https:\/\/ftp.jmaceurope.com\/#website"},"datePublished":"2018-11-21T15:08:50+00:00","dateModified":"2018-12-11T07:27:46+00:00","breadcrumb":{"@id":"https:\/\/jmaceurope.com\/en\/experiential-learning\/#breadcrumb"},"inLanguage":"en-US","potentialAction":[{"@type":"ReadAction","target":["https:\/\/jmaceurope.com\/en\/experiential-learning\/"]}]},{"@type":"BreadcrumbList","@id":"https:\/\/jmaceurope.com\/en\/experiential-learning\/#breadcrumb","itemListElement":[{"@type":"ListItem","position":1,"name":"Home","item":"https:\/\/www.jmaceurope.com\/en\/"},{"@type":"ListItem","position":2,"name":"Experiential Learning"}]},{"@type":"WebSite","@id":"https:\/\/ftp.jmaceurope.com\/#website","url":"https:\/\/ftp.jmaceurope.com\/","name":"JMAC EUROPE","description":"JAPAN MANAGEMENT ASSOCIATION CONSULTANTS","publisher":{"@id":"https:\/\/ftp.jmaceurope.com\/#organization"},"potentialAction":[{"@type":"SearchAction","target":{"@type":"EntryPoint","urlTemplate":"https:\/\/ftp.jmaceurope.com\/?s={search_term_string}"},"query-input":{"@type":"PropertyValueSpecification","valueRequired":true,"valueName":"search_term_string"}}],"inLanguage":"en-US"},{"@type":"Organization","@id":"https:\/\/ftp.jmaceurope.com\/#organization","name":"JMAC Europe","url":"https:\/\/ftp.jmaceurope.com\/","logo":{"@type":"ImageObject","inLanguage":"en-US","@id":"https:\/\/ftp.jmaceurope.com\/#\/schema\/logo\/image\/","url":"","contentUrl":"","caption":"JMAC Europe"},"image":{"@id":"https:\/\/ftp.jmaceurope.com\/#\/schema\/logo\/image\/"},"sameAs":["https:\/\/www.linkedin.com\/company\/jmac-europe-s-p-a-\/"]}]}},"_links":{"self":[{"href":"https:\/\/jmaceurope.com\/en\/wp-json\/wp\/v2\/pages\/3169","targetHints":{"allow":["GET"]}}],"collection":[{"href":"https:\/\/jmaceurope.com\/en\/wp-json\/wp\/v2\/pages"}],"about":[{"href":"https:\/\/jmaceurope.com\/en\/wp-json\/wp\/v2\/types\/page"}],"author":[{"embeddable":true,"href":"https:\/\/jmaceurope.com\/en\/wp-json\/wp\/v2\/users\/8"}],"replies":[{"embeddable":true,"href":"https:\/\/jmaceurope.com\/en\/wp-json\/wp\/v2\/comments?post=3169"}],"version-history":[{"count":0,"href":"https:\/\/jmaceurope.com\/en\/wp-json\/wp\/v2\/pages\/3169\/revisions"}],"wp:attachment":[{"href":"https:\/\/jmaceurope.com\/en\/wp-json\/wp\/v2\/media?parent=3169"}],"curies":[{"name":"wp","href":"https:\/\/api.w.org\/{rel}","templated":true}]}}